{"id":311,"date":"2022-10-20T10:28:17","date_gmt":"2022-10-20T10:28:17","guid":{"rendered":"https:\/\/www.dentist-luxembourg.lu\/services\/"},"modified":"2023-03-16T07:26:55","modified_gmt":"2023-03-16T07:26:55","slug":"aesthetische-zahnheilkunde","status":"publish","type":"page","link":"https:\/\/www.dentist-luxembourg.lu\/fr\/aesthetische-zahnheilkunde\/","title":{"rendered":"Dentisterie Esth\u00e9tique"},"content":{"rendered":"<div data-elementor-type=\"wp-page\" data-elementor-id=\"311\" class=\"elementor elementor-311\">\n\t\t\t\t\t\t\t\t\t<section class=\"elementor-section elementor-top-section elementor-element elementor-element-4de417e7 elementor-section-full_width elementor-section-items-stretch elementor-section-height-min-height elementor-section-height-default\" data-id=\"4de417e7\" data-element_type=\"section\" data-settings=\"{&quot;background_background&quot;:&quot;classic&quot;}\">\n\t\t\t\t\t\t\t<div class=\"elementor-background-overlay\"><\/div>\n\t\t\t\t\t\t\t<div class=\"elementor-container elementor-column-gap-no\">\n\t\t\t\t\t<div class=\"elementor-column elementor-col-100 elementor-top-column elementor-element elementor-element-7f47e00d\" data-id=\"7f47e00d\" data-element_type=\"column\" data-settings=\"{&quot;background_background&quot;:&quot;classic&quot;}\">\n\t\t\t<div class=\"elementor-widget-wrap\">\n\t\t\t\t\t\t\t\t\t<\/div>\n\t\t<\/div>\n\t\t\t\t\t\t\t<\/div>\n\t\t<\/section>\n\t\t\t\t<section class=\"elementor-section elementor-top-section elementor-element elementor-element-4b38e2a7 elementor-section-boxed elementor-section-height-default elementor-section-height-default\" data-id=\"4b38e2a7\" data-element_type=\"section\" data-settings=\"{&quot;background_background&quot;:&quot;classic&quot;}\">\n\t\t\t\t\t\t\t<div class=\"elementor-background-overlay\"><\/div>\n\t\t\t\t\t\t\t<div class=\"elementor-container elementor-column-gap-no\">\n\t\t\t\t\t<div class=\"elementor-column elementor-col-100 elementor-top-column elementor-element elementor-element-5c987ffe\" data-id=\"5c987ffe\" data-element_type=\"column\" data-settings=\"{&quot;background_background&quot;:&quot;classic&quot;}\">\n\t\t\t<div class=\"elementor-widget-wrap elementor-element-populated\">\n\t\t\t\t\t\t\t\t<div class=\"elementor-element elementor-element-e442e02 elementor-widget elementor-widget-heading\" data-id=\"e442e02\" data-element_type=\"widget\" data-widget_type=\"heading.default\">\n\t\t\t\t<div class=\"elementor-widget-container\">\n\t\t\t<h1 class=\"elementor-heading-title elementor-size-default\">Dentisterie Esth\u00e9tique<\/h1>\t\t<\/div>\n\t\t\t\t<\/div>\n\t\t\t\t<div class=\"elementor-element elementor-element-f284fdc elementor-widget elementor-widget-heading\" data-id=\"f284fdc\" data-element_type=\"widget\" data-widget_type=\"heading.default\">\n\t\t\t\t<div class=\"elementor-widget-container\">\n\t\t\t<h4 class=\"elementor-heading-title elementor-size-default\">placages<\/h4>\t\t<\/div>\n\t\t\t\t<\/div>\n\t\t\t\t<div class=\"elementor-element elementor-element-0fabe83 elementor-widget elementor-widget-text-editor\" data-id=\"0fabe83\" data-element_type=\"widget\" data-widget_type=\"text-editor.default\">\n\t\t\t\t<div class=\"elementor-widget-container\">\n\t\t\t\t\t\t\t<p>La facette est une facette qui est g\u00e9n\u00e9ralement utilis\u00e9e dans la zone de la dent ant\u00e9rieure pour restaurer la dent endommag\u00e9e esth\u00e9tiquement et fonctionnellement selon les indications dentaires. Les facettes peuvent \u00e9galement \u00eatre utilis\u00e9es pour d\u00e9terminer la forme, la taille et la couleur des dents, par ex. B. en cas de dents cass\u00e9es suite \u00e0 un accident, un sous-d\u00e9veloppement des dents ou de petits d\u00e9salignements.<\/p><p>Les facettes sont g\u00e9n\u00e9ralement en c\u00e9ramique de verre ou de feldspath, dont la duret\u00e9 est tr\u00e8s similaire \u00e0 celle de l'\u00e9mail dentaire naturel.<\/p><p><strong>Quand avez-vous besoin de placages?<br \/><\/strong>Les accidents ou les caries peuvent causer des dommages visibles aux dents. Les petites anomalies de position des dents, les malformations ou les troubles de la formation de l'\u00e9mail sont des d\u00e9fauts esth\u00e9tiques. Les facettes conviennent \u00e0 un traitement en douceur de ces d\u00e9fauts.<\/p>\t\t\t\t\t\t<\/div>\n\t\t\t\t<\/div>\n\t\t\t\t<div class=\"elementor-element elementor-element-1fe1518 elementor-widget elementor-widget-heading\" data-id=\"1fe1518\" data-element_type=\"widget\" data-widget_type=\"heading.default\">\n\t\t\t\t<div class=\"elementor-widget-container\">\n\t\t\t<h4 class=\"elementor-heading-title elementor-size-default\">blanchiment<\/h4>\t\t<\/div>\n\t\t\t\t<\/div>\n\t\t\t\t<div class=\"elementor-element elementor-element-e04a00d elementor-widget elementor-widget-image\" data-id=\"e04a00d\" data-element_type=\"widget\" data-widget_type=\"image.default\">\n\t\t\t\t<div class=\"elementor-widget-container\">\n\t\t\t\t\t\t\t\t\t\t\t\t\t\t\t<img decoding=\"async\" width=\"1200\" height=\"636\" src=\"https:\/\/www.dentist-luxembourg.lu\/wp-content\/uploads\/2023\/02\/bleaching.jpg\" class=\"attachment-1536x1536 size-1536x1536 wp-image-2011\" alt=\"\" srcset=\"https:\/\/www.dentist-luxembourg.lu\/wp-content\/uploads\/2023\/02\/bleaching.jpg 1200w, https:\/\/www.dentist-luxembourg.lu\/wp-content\/uploads\/2023\/02\/bleaching-300x159.jpg 300w, https:\/\/www.dentist-luxembourg.lu\/wp-content\/uploads\/2023\/02\/bleaching-1024x543.jpg 1024w, https:\/\/www.dentist-luxembourg.lu\/wp-content\/uploads\/2023\/02\/bleaching-768x407.jpg 768w\" sizes=\"(max-width: 1200px) 100vw, 1200px\" \/>\t\t\t\t\t\t\t\t\t\t\t\t\t\t\t<\/div>\n\t\t\t\t<\/div>\n\t\t\t\t<div class=\"elementor-element elementor-element-971a477 elementor-widget elementor-widget-text-editor\" data-id=\"971a477\" data-element_type=\"widget\" data-widget_type=\"text-editor.default\">\n\t\t\t\t<div class=\"elementor-widget-container\">\n\t\t\t\t\t\t\t<p>Les dents humaines s'assombrissent avec les ann\u00e9es.<br \/>Le blanchiment des dents restaure la couleur d'origine de vos dents.<br \/>Si n\u00e9cessaire, la teinte peut m\u00eame \u00eatre \u00e9claircie de quelques degr\u00e9s en 75 minutes.<br \/>Avant tout traitement, vous devez imp\u00e9rativement demander conseil \u00e0 votre dentiste.<\/p>\t\t\t\t\t\t<\/div>\n\t\t\t\t<\/div>\n\t\t\t\t<div class=\"elementor-element elementor-element-60cd121 elementor-widget elementor-widget-heading\" data-id=\"60cd121\" data-element_type=\"widget\" data-widget_type=\"heading.default\">\n\t\t\t\t<div class=\"elementor-widget-container\">\n\t\t\t<h4 class=\"elementor-heading-title elementor-size-default\">Proth\u00e8ses esth\u00e9tiques<\/h4>\t\t<\/div>\n\t\t\t\t<\/div>\n\t\t\t\t<div class=\"elementor-element elementor-element-edcc65c elementor-widget elementor-widget-text-editor\" data-id=\"edcc65c\" data-element_type=\"widget\" data-widget_type=\"text-editor.default\">\n\t\t\t\t<div class=\"elementor-widget-container\">\n\t\t\t\t\t\t\t<p>Les imperfections sont toujours dans l'\u0153il du spectateur. Cependant, il n'y a pas de d\u00e9ficiences ou de d\u00e9fauts dans les dents. Les changements purement externes et les mesures esth\u00e9tiques plus approfondies ont un objectif commun :<br \/>Restaurer les dents \u00e0 un \u00e9tat fonctionnellement et esth\u00e9tiquement naturel. En corrigeant la fonction de mastication, la couleur des dents et la position des dents.<br \/>Nous pouvons corriger les d\u00e9fauts esth\u00e9tiques et fonctionnels suivants avec des rem\u00e8des dentaires :<\/p>\t\t\t\t\t\t<\/div>\n\t\t\t\t<\/div>\n\t\t\t\t<div class=\"elementor-element elementor-element-b94e852 elementor-list-item-link-inline elementor-align-left elementor-icon-list--layout-traditional elementor-widget elementor-widget-icon-list\" data-id=\"b94e852\" data-element_type=\"widget\" data-widget_type=\"icon-list.default\">\n\t\t\t\t<div class=\"elementor-widget-container\">\n\t\t\t\t\t<ul class=\"elementor-icon-list-items\">\n\t\t\t\t\t\t\t<li class=\"elementor-icon-list-item\">\n\t\t\t\t\t\t\t\t\t\t\t<span class=\"elementor-icon-list-icon\">\n\t\t\t\t\t\t\t<i aria-hidden=\"true\" class=\"fas fa-check\"><\/i>\t\t\t\t\t\t<\/span>\n\t\t\t\t\t\t\t\t\t\t<span class=\"elementor-icon-list-text\">Dents de travers<\/span>\n\t\t\t\t\t\t\t\t\t<\/li>\n\t\t\t\t\t\t\t\t<li class=\"elementor-icon-list-item\">\n\t\t\t\t\t\t\t\t\t\t\t<span class=\"elementor-icon-list-icon\">\n\t\t\t\t\t\t\t<i aria-hidden=\"true\" class=\"fas fa-check\"><\/i>\t\t\t\t\t\t<\/span>\n\t\t\t\t\t\t\t\t\t\t<span class=\"elementor-icon-list-text\">dents manquantes<\/span>\n\t\t\t\t\t\t\t\t\t<\/li>\n\t\t\t\t\t\t\t\t<li class=\"elementor-icon-list-item\">\n\t\t\t\t\t\t\t\t\t\t\t<span class=\"elementor-icon-list-icon\">\n\t\t\t\t\t\t\t<i aria-hidden=\"true\" class=\"fas fa-check\"><\/i>\t\t\t\t\t\t<\/span>\n\t\t\t\t\t\t\t\t\t\t<span class=\"elementor-icon-list-text\">espaces dentaires<\/span>\n\t\t\t\t\t\t\t\t\t<\/li>\n\t\t\t\t\t\t\t\t<li class=\"elementor-icon-list-item\">\n\t\t\t\t\t\t\t\t\t\t\t<span class=\"elementor-icon-list-icon\">\n\t\t\t\t\t\t\t<i aria-hidden=\"true\" class=\"fas fa-check\"><\/i>\t\t\t\t\t\t<\/span>\n\t\t\t\t\t\t\t\t\t\t<span class=\"elementor-icon-list-text\">d\u00e9coloration des dents<br>une couleur de dent insatisfaisante<\/span>\n\t\t\t\t\t\t\t\t\t<\/li>\n\t\t\t\t\t\t<\/ul>\n\t\t\t\t<\/div>\n\t\t\t\t<\/div>\n\t\t\t\t\t<\/div>\n\t\t<\/div>\n\t\t\t\t\t\t\t<\/div>\n\t\t<\/section>\n\t\t\t\t\t\t\t<\/div>","protected":false},"excerpt":{"rendered":"<p>\u00c4sthetische Zahnheil&shy;kunde Veneer Das Veneer ist eine Verblendschale, die meist im Frontzahnbereich eingesetzt wird, um den gesch\u00e4digten Zahn, nach zahnmedizinischen Indikationen, \u00e4sthetisch und funktionell wieder herzustellen. Anhand von Veneers kann man auch Form, Gr\u00f6\u00dfe und Farbe von Z\u00e4hne, z. B. bei Bruch der Z\u00e4hne durch einen Unfall, Unterentwicklung der Z\u00e4hne oder kleine Fehlstellungen, optimieren. Die [&hellip;]<\/p>","protected":false},"author":2,"featured_media":0,"parent":0,"menu_order":13,"comment_status":"closed","ping_status":"closed","template":"elementor_header_footer","meta":{"footnotes":""},"class_list":["post-311","page","type-page","status-publish","hentry"],"yoast_head":"<!-- This site is optimized with the Yoast SEO plugin v27.5 - https:\/\/yoast.com\/product\/yoast-seo-wordpress\/ -->\n<title>\u00c4sthetische Zahnheilkunde - Cabinet Dentaire Dr. Gawellek in Luxembourg<\/title>\n<meta name=\"robots\" content=\"index, follow, max-snippet:-1, max-image-preview:large, max-video-preview:-1\" \/>\n<link rel=\"canonical\" href=\"https:\/\/www.dentist-luxembourg.lu\/fr\/aesthetische-zahnheilkunde\/\" \/>\n<script type=\"application\/ld+json\" class=\"yoast-schema-graph\">{\"@context\":\"https:\\\/\\\/schema.org\",\"@graph\":[{\"@type\":\"WebPage\",\"@id\":\"https:\\\/\\\/www.dentist-luxembourg.lu\\\/aesthetische-zahnheilkunde\\\/\",\"url\":\"https:\\\/\\\/www.dentist-luxembourg.lu\\\/aesthetische-zahnheilkunde\\\/\",\"name\":\"\u00c4sthetische Zahnheilkunde - Cabinet Dentaire Dr. Gawellek in Luxembourg\",\"isPartOf\":{\"@id\":\"https:\\\/\\\/www.dentist-luxembourg.lu\\\/#website\"},\"primaryImageOfPage\":{\"@id\":\"https:\\\/\\\/www.dentist-luxembourg.lu\\\/aesthetische-zahnheilkunde\\\/#primaryimage\"},\"image\":{\"@id\":\"https:\\\/\\\/www.dentist-luxembourg.lu\\\/aesthetische-zahnheilkunde\\\/#primaryimage\"},\"thumbnailUrl\":\"https:\\\/\\\/www.dentist-luxembourg.lu\\\/wp-content\\\/uploads\\\/2023\\\/02\\\/bleaching.jpg\",\"datePublished\":\"2022-10-20T10:28:17+00:00\",\"dateModified\":\"2023-03-16T07:26:55+00:00\",\"breadcrumb\":{\"@id\":\"https:\\\/\\\/www.dentist-luxembourg.lu\\\/aesthetische-zahnheilkunde\\\/#breadcrumb\"},\"inLanguage\":\"fr-FR\",\"potentialAction\":[{\"@type\":\"ReadAction\",\"target\":[\"https:\\\/\\\/www.dentist-luxembourg.lu\\\/aesthetische-zahnheilkunde\\\/\"]}]},{\"@type\":\"ImageObject\",\"inLanguage\":\"fr-FR\",\"@id\":\"https:\\\/\\\/www.dentist-luxembourg.lu\\\/aesthetische-zahnheilkunde\\\/#primaryimage\",\"url\":\"https:\\\/\\\/www.dentist-luxembourg.lu\\\/wp-content\\\/uploads\\\/2023\\\/02\\\/bleaching.jpg\",\"contentUrl\":\"https:\\\/\\\/www.dentist-luxembourg.lu\\\/wp-content\\\/uploads\\\/2023\\\/02\\\/bleaching.jpg\"},{\"@type\":\"BreadcrumbList\",\"@id\":\"https:\\\/\\\/www.dentist-luxembourg.lu\\\/aesthetische-zahnheilkunde\\\/#breadcrumb\",\"itemListElement\":[{\"@type\":\"ListItem\",\"position\":1,\"name\":\"Startseite\",\"item\":\"https:\\\/\\\/www.dentist-luxembourg.lu\\\/\"},{\"@type\":\"ListItem\",\"position\":2,\"name\":\"\u00c4sthetische Zahnheilkunde\"}]},{\"@type\":\"WebSite\",\"@id\":\"https:\\\/\\\/www.dentist-luxembourg.lu\\\/#website\",\"url\":\"https:\\\/\\\/www.dentist-luxembourg.lu\\\/\",\"name\":\"Cabinet Dentaire Dr. Gawellek\",\"description\":\"Praxis f\u00fcr Implantologie und Endodontie Dr. Gawellek\",\"publisher\":{\"@id\":\"https:\\\/\\\/www.dentist-luxembourg.lu\\\/#organization\"},\"potentialAction\":[{\"@type\":\"SearchAction\",\"target\":{\"@type\":\"EntryPoint\",\"urlTemplate\":\"https:\\\/\\\/www.dentist-luxembourg.lu\\\/?s={search_term_string}\"},\"query-input\":{\"@type\":\"PropertyValueSpecification\",\"valueRequired\":true,\"valueName\":\"search_term_string\"}}],\"inLanguage\":\"fr-FR\"},{\"@type\":\"Organization\",\"@id\":\"https:\\\/\\\/www.dentist-luxembourg.lu\\\/#organization\",\"name\":\"Cabinet Dentaire Dr. Gawellek\",\"url\":\"https:\\\/\\\/www.dentist-luxembourg.lu\\\/\",\"logo\":{\"@type\":\"ImageObject\",\"inLanguage\":\"fr-FR\",\"@id\":\"https:\\\/\\\/www.dentist-luxembourg.lu\\\/#\\\/schema\\\/logo\\\/image\\\/\",\"url\":\"https:\\\/\\\/www.dentist-luxembourg.lu\\\/wp-content\\\/uploads\\\/2022\\\/11\\\/Zahnarzt_Gawellek_Logo_gruen.svg\",\"contentUrl\":\"https:\\\/\\\/www.dentist-luxembourg.lu\\\/wp-content\\\/uploads\\\/2022\\\/11\\\/Zahnarzt_Gawellek_Logo_gruen.svg\",\"width\":303,\"height\":91,\"caption\":\"Cabinet Dentaire Dr. Gawellek\"},\"image\":{\"@id\":\"https:\\\/\\\/www.dentist-luxembourg.lu\\\/#\\\/schema\\\/logo\\\/image\\\/\"}}]}<\/script>\n<!-- \/ Yoast SEO plugin. -->","yoast_head_json":{"title":"\u00c4sthetische Zahnheilkunde - Cabinet Dentaire Dr. Gawellek in Luxembourg","robots":{"index":"index","follow":"follow","max-snippet":"max-snippet:-1","max-image-preview":"max-image-preview:large","max-video-preview":"max-video-preview:-1"},"canonical":"https:\/\/www.dentist-luxembourg.lu\/fr\/aesthetische-zahnheilkunde\/","schema":{"@context":"https:\/\/schema.org","@graph":[{"@type":"WebPage","@id":"https:\/\/www.dentist-luxembourg.lu\/aesthetische-zahnheilkunde\/","url":"https:\/\/www.dentist-luxembourg.lu\/aesthetische-zahnheilkunde\/","name":"\u00c4sthetische Zahnheilkunde - Cabinet Dentaire Dr. Gawellek in Luxembourg","isPartOf":{"@id":"https:\/\/www.dentist-luxembourg.lu\/#website"},"primaryImageOfPage":{"@id":"https:\/\/www.dentist-luxembourg.lu\/aesthetische-zahnheilkunde\/#primaryimage"},"image":{"@id":"https:\/\/www.dentist-luxembourg.lu\/aesthetische-zahnheilkunde\/#primaryimage"},"thumbnailUrl":"https:\/\/www.dentist-luxembourg.lu\/wp-content\/uploads\/2023\/02\/bleaching.jpg","datePublished":"2022-10-20T10:28:17+00:00","dateModified":"2023-03-16T07:26:55+00:00","breadcrumb":{"@id":"https:\/\/www.dentist-luxembourg.lu\/aesthetische-zahnheilkunde\/#breadcrumb"},"inLanguage":"fr-FR","potentialAction":[{"@type":"ReadAction","target":["https:\/\/www.dentist-luxembourg.lu\/aesthetische-zahnheilkunde\/"]}]},{"@type":"ImageObject","inLanguage":"fr-FR","@id":"https:\/\/www.dentist-luxembourg.lu\/aesthetische-zahnheilkunde\/#primaryimage","url":"https:\/\/www.dentist-luxembourg.lu\/wp-content\/uploads\/2023\/02\/bleaching.jpg","contentUrl":"https:\/\/www.dentist-luxembourg.lu\/wp-content\/uploads\/2023\/02\/bleaching.jpg"},{"@type":"BreadcrumbList","@id":"https:\/\/www.dentist-luxembourg.lu\/aesthetische-zahnheilkunde\/#breadcrumb","itemListElement":[{"@type":"ListItem","position":1,"name":"Startseite","item":"https:\/\/www.dentist-luxembourg.lu\/"},{"@type":"ListItem","position":2,"name":"\u00c4sthetische Zahnheilkunde"}]},{"@type":"WebSite","@id":"https:\/\/www.dentist-luxembourg.lu\/#website","url":"https:\/\/www.dentist-luxembourg.lu\/","name":"Cabinet Dentaire Dr. Gawellek","description":"Praxis f\u00fcr Implantologie und Endodontie Dr. Gawellek","publisher":{"@id":"https:\/\/www.dentist-luxembourg.lu\/#organization"},"potentialAction":[{"@type":"SearchAction","target":{"@type":"EntryPoint","urlTemplate":"https:\/\/www.dentist-luxembourg.lu\/?s={search_term_string}"},"query-input":{"@type":"PropertyValueSpecification","valueRequired":true,"valueName":"search_term_string"}}],"inLanguage":"fr-FR"},{"@type":"Organization","@id":"https:\/\/www.dentist-luxembourg.lu\/#organization","name":"Cabinet Dentaire Dr. Gawellek","url":"https:\/\/www.dentist-luxembourg.lu\/","logo":{"@type":"ImageObject","inLanguage":"fr-FR","@id":"https:\/\/www.dentist-luxembourg.lu\/#\/schema\/logo\/image\/","url":"https:\/\/www.dentist-luxembourg.lu\/wp-content\/uploads\/2022\/11\/Zahnarzt_Gawellek_Logo_gruen.svg","contentUrl":"https:\/\/www.dentist-luxembourg.lu\/wp-content\/uploads\/2022\/11\/Zahnarzt_Gawellek_Logo_gruen.svg","width":303,"height":91,"caption":"Cabinet Dentaire Dr. Gawellek"},"image":{"@id":"https:\/\/www.dentist-luxembourg.lu\/#\/schema\/logo\/image\/"}}]}},"_links":{"self":[{"href":"https:\/\/www.dentist-luxembourg.lu\/fr\/wp-json\/wp\/v2\/pages\/311","targetHints":{"allow":["GET"]}}],"collection":[{"href":"https:\/\/www.dentist-luxembourg.lu\/fr\/wp-json\/wp\/v2\/pages"}],"about":[{"href":"https:\/\/www.dentist-luxembourg.lu\/fr\/wp-json\/wp\/v2\/types\/page"}],"author":[{"embeddable":true,"href":"https:\/\/www.dentist-luxembourg.lu\/fr\/wp-json\/wp\/v2\/users\/2"}],"replies":[{"embeddable":true,"href":"https:\/\/www.dentist-luxembourg.lu\/fr\/wp-json\/wp\/v2\/comments?post=311"}],"version-history":[{"count":3,"href":"https:\/\/www.dentist-luxembourg.lu\/fr\/wp-json\/wp\/v2\/pages\/311\/revisions"}],"predecessor-version":[{"id":2285,"href":"https:\/\/www.dentist-luxembourg.lu\/fr\/wp-json\/wp\/v2\/pages\/311\/revisions\/2285"}],"wp:attachment":[{"href":"https:\/\/www.dentist-luxembourg.lu\/fr\/wp-json\/wp\/v2\/media?parent=311"}],"curies":[{"name":"wp","href":"https:\/\/api.w.org\/{rel}","templated":true}]}}