{"id":1739,"date":"2023-02-01T08:03:15","date_gmt":"2023-02-01T08:03:15","guid":{"rendered":"https:\/\/www.dentist-luxembourg.lu\/?page_id=1739"},"modified":"2023-02-09T09:24:11","modified_gmt":"2023-02-09T09:24:11","slug":"laserbehandlung","status":"publish","type":"page","link":"https:\/\/www.dentist-luxembourg.lu\/fr\/laserbehandlung\/","title":{"rendered":"traitement au laser"},"content":{"rendered":"<div data-elementor-type=\"wp-page\" data-elementor-id=\"1739\" class=\"elementor elementor-1739\">\n\t\t\t\t\t\t\t\t\t<section class=\"elementor-section elementor-top-section elementor-element elementor-element-34dddc43 elementor-section-full_width elementor-section-items-stretch elementor-section-height-min-height elementor-section-height-default\" data-id=\"34dddc43\" data-element_type=\"section\" data-settings=\"{&quot;background_background&quot;:&quot;classic&quot;}\">\n\t\t\t\t\t\t\t<div class=\"elementor-background-overlay\"><\/div>\n\t\t\t\t\t\t\t<div class=\"elementor-container elementor-column-gap-no\">\n\t\t\t\t\t<div class=\"elementor-column elementor-col-100 elementor-top-column elementor-element elementor-element-3cff7ff1\" data-id=\"3cff7ff1\" data-element_type=\"column\" data-settings=\"{&quot;background_background&quot;:&quot;classic&quot;}\">\n\t\t\t<div class=\"elementor-widget-wrap\">\n\t\t\t\t\t\t\t\t\t<\/div>\n\t\t<\/div>\n\t\t\t\t\t\t\t<\/div>\n\t\t<\/section>\n\t\t\t\t<section class=\"elementor-section elementor-top-section elementor-element elementor-element-69136e99 elementor-section-boxed elementor-section-height-default elementor-section-height-default\" data-id=\"69136e99\" data-element_type=\"section\" data-settings=\"{&quot;background_background&quot;:&quot;classic&quot;}\">\n\t\t\t\t\t\t\t<div class=\"elementor-background-overlay\"><\/div>\n\t\t\t\t\t\t\t<div class=\"elementor-container elementor-column-gap-no\">\n\t\t\t\t\t<div class=\"elementor-column elementor-col-100 elementor-top-column elementor-element elementor-element-1e6bc826\" data-id=\"1e6bc826\" data-element_type=\"column\" data-settings=\"{&quot;background_background&quot;:&quot;classic&quot;}\">\n\t\t\t<div class=\"elementor-widget-wrap elementor-element-populated\">\n\t\t\t\t\t\t\t\t<div class=\"elementor-element elementor-element-e442e02 elementor-widget elementor-widget-heading\" data-id=\"e442e02\" data-element_type=\"widget\" data-widget_type=\"heading.default\">\n\t\t\t\t<div class=\"elementor-widget-container\">\n\t\t\t<h1 class=\"elementor-heading-title elementor-size-default\">traitement au laser<\/h1>\t\t<\/div>\n\t\t\t\t<\/div>\n\t\t\t\t<div class=\"elementor-element elementor-element-0fabe83 elementor-widget elementor-widget-text-editor\" data-id=\"0fabe83\" data-element_type=\"widget\" data-widget_type=\"text-editor.default\">\n\t\t\t\t<div class=\"elementor-widget-container\">\n\t\t\t\t\t\t\t<p><strong>Quels sont les avantages de la th\u00e9rapie au laser ?<\/strong><br \/>Avec le laser dentaire, nous pouvons travailler plus doucement, avec moins de douleur et plus pr\u00e9cis\u00e9ment qu'avec de nombreuses m\u00e9thodes conventionnelles. Avec la lumi\u00e8re laser, nous obtenons une absence presque totale de germes dans la zone des gencives, des poches parodontales et des canaux radiculaires. L'utilisation du laser est douce et sans cicatrice, en particulier dans les interventions chirurgicales. Le processus de gu\u00e9rison apr\u00e8s une chirurgie au laser, par exemple l'ablation du frein des l\u00e8vres, la chirurgie parodontale et l'endodontie, est plus rapide que les m\u00e9thodes classiques.<\/p><p>Les lasers ont \u00e9t\u00e9 utilis\u00e9s avec succ\u00e8s pour l'ablation chirurgicale de la l\u00e8vre du frein, du frein de la langue et des petites tumeurs b\u00e9nignes. Mais cette m\u00e9thode permet \u00e9galement d'obtenir de bien meilleurs r\u00e9sultats que les m\u00e9thodes conventionnelles dans le traitement de l'herp\u00e8s, des ulc\u00e8res aphteux et de la d\u00e9sensibilisation des collets dentaires sensibles.<\/p>\t\t\t\t\t\t<\/div>\n\t\t\t\t<\/div>\n\t\t\t\t\t<\/div>\n\t\t<\/div>\n\t\t\t\t\t\t\t<\/div>\n\t\t<\/section>\n\t\t\t\t\t\t\t<\/div>","protected":false},"excerpt":{"rendered":"<p>Laserbehandlung Welche Vorteile bietet eine Lasertherapie?Mit dem Dentallaser k\u00f6nnen wir schonender, schmerzarmer und pr\u00e4ziser arbeiten als mit vielen herk\u00f6mmlichen Methoden. Durch das Laserlicht erzielen wir eine nahezu vollst\u00e4ndige Keimfreiheit im Bereich von Zahnfleisch, Zahnfleischtaschen und Wurzelkan\u00e4len. Die Anwendung vom Laser ist vor allem bei chirurgischen Eingriffen schonend und narbenfrei. Der Heilungsprozess nach der Laserchirurgie z.B. [&hellip;]<\/p>","protected":false},"author":2,"featured_media":0,"parent":0,"menu_order":21,"comment_status":"closed","ping_status":"closed","template":"elementor_header_footer","meta":{"footnotes":""},"class_list":["post-1739","page","type-page","status-publish","hentry"],"yoast_head":"<!-- This site is optimized with the Yoast SEO plugin v27.4 - https:\/\/yoast.com\/product\/yoast-seo-wordpress\/ -->\n<title>Laserbehandlung - Cabinet Dentaire Dr. Gawellek in Luxembourg<\/title>\n<meta name=\"robots\" content=\"index, follow, max-snippet:-1, max-image-preview:large, max-video-preview:-1\" \/>\n<link rel=\"canonical\" href=\"https:\/\/www.dentist-luxembourg.lu\/fr\/laserbehandlung\/\" \/>\n<script type=\"application\/ld+json\" class=\"yoast-schema-graph\">{\"@context\":\"https:\\\/\\\/schema.org\",\"@graph\":[{\"@type\":\"WebPage\",\"@id\":\"https:\\\/\\\/www.dentist-luxembourg.lu\\\/laserbehandlung\\\/\",\"url\":\"https:\\\/\\\/www.dentist-luxembourg.lu\\\/laserbehandlung\\\/\",\"name\":\"Laserbehandlung - Cabinet Dentaire Dr. Gawellek in Luxembourg\",\"isPartOf\":{\"@id\":\"https:\\\/\\\/www.dentist-luxembourg.lu\\\/#website\"},\"datePublished\":\"2023-02-01T08:03:15+00:00\",\"dateModified\":\"2023-02-09T09:24:11+00:00\",\"breadcrumb\":{\"@id\":\"https:\\\/\\\/www.dentist-luxembourg.lu\\\/laserbehandlung\\\/#breadcrumb\"},\"inLanguage\":\"fr-FR\",\"potentialAction\":[{\"@type\":\"ReadAction\",\"target\":[\"https:\\\/\\\/www.dentist-luxembourg.lu\\\/laserbehandlung\\\/\"]}]},{\"@type\":\"BreadcrumbList\",\"@id\":\"https:\\\/\\\/www.dentist-luxembourg.lu\\\/laserbehandlung\\\/#breadcrumb\",\"itemListElement\":[{\"@type\":\"ListItem\",\"position\":1,\"name\":\"Startseite\",\"item\":\"https:\\\/\\\/www.dentist-luxembourg.lu\\\/\"},{\"@type\":\"ListItem\",\"position\":2,\"name\":\"Laserbehandlung\"}]},{\"@type\":\"WebSite\",\"@id\":\"https:\\\/\\\/www.dentist-luxembourg.lu\\\/#website\",\"url\":\"https:\\\/\\\/www.dentist-luxembourg.lu\\\/\",\"name\":\"Cabinet Dentaire Dr. Gawellek\",\"description\":\"Praxis f\u00fcr Implantologie und Endodontie Dr. Gawellek\",\"publisher\":{\"@id\":\"https:\\\/\\\/www.dentist-luxembourg.lu\\\/#organization\"},\"potentialAction\":[{\"@type\":\"SearchAction\",\"target\":{\"@type\":\"EntryPoint\",\"urlTemplate\":\"https:\\\/\\\/www.dentist-luxembourg.lu\\\/?s={search_term_string}\"},\"query-input\":{\"@type\":\"PropertyValueSpecification\",\"valueRequired\":true,\"valueName\":\"search_term_string\"}}],\"inLanguage\":\"fr-FR\"},{\"@type\":\"Organization\",\"@id\":\"https:\\\/\\\/www.dentist-luxembourg.lu\\\/#organization\",\"name\":\"Cabinet Dentaire Dr. Gawellek\",\"url\":\"https:\\\/\\\/www.dentist-luxembourg.lu\\\/\",\"logo\":{\"@type\":\"ImageObject\",\"inLanguage\":\"fr-FR\",\"@id\":\"https:\\\/\\\/www.dentist-luxembourg.lu\\\/#\\\/schema\\\/logo\\\/image\\\/\",\"url\":\"https:\\\/\\\/www.dentist-luxembourg.lu\\\/wp-content\\\/uploads\\\/2022\\\/11\\\/Zahnarzt_Gawellek_Logo_gruen.svg\",\"contentUrl\":\"https:\\\/\\\/www.dentist-luxembourg.lu\\\/wp-content\\\/uploads\\\/2022\\\/11\\\/Zahnarzt_Gawellek_Logo_gruen.svg\",\"width\":303,\"height\":91,\"caption\":\"Cabinet Dentaire Dr. Gawellek\"},\"image\":{\"@id\":\"https:\\\/\\\/www.dentist-luxembourg.lu\\\/#\\\/schema\\\/logo\\\/image\\\/\"}}]}<\/script>\n<!-- \/ Yoast SEO plugin. -->","yoast_head_json":{"title":"Laserbehandlung - Cabinet Dentaire Dr. Gawellek in Luxembourg","robots":{"index":"index","follow":"follow","max-snippet":"max-snippet:-1","max-image-preview":"max-image-preview:large","max-video-preview":"max-video-preview:-1"},"canonical":"https:\/\/www.dentist-luxembourg.lu\/fr\/laserbehandlung\/","schema":{"@context":"https:\/\/schema.org","@graph":[{"@type":"WebPage","@id":"https:\/\/www.dentist-luxembourg.lu\/laserbehandlung\/","url":"https:\/\/www.dentist-luxembourg.lu\/laserbehandlung\/","name":"Laserbehandlung - Cabinet Dentaire Dr. Gawellek in Luxembourg","isPartOf":{"@id":"https:\/\/www.dentist-luxembourg.lu\/#website"},"datePublished":"2023-02-01T08:03:15+00:00","dateModified":"2023-02-09T09:24:11+00:00","breadcrumb":{"@id":"https:\/\/www.dentist-luxembourg.lu\/laserbehandlung\/#breadcrumb"},"inLanguage":"fr-FR","potentialAction":[{"@type":"ReadAction","target":["https:\/\/www.dentist-luxembourg.lu\/laserbehandlung\/"]}]},{"@type":"BreadcrumbList","@id":"https:\/\/www.dentist-luxembourg.lu\/laserbehandlung\/#breadcrumb","itemListElement":[{"@type":"ListItem","position":1,"name":"Startseite","item":"https:\/\/www.dentist-luxembourg.lu\/"},{"@type":"ListItem","position":2,"name":"Laserbehandlung"}]},{"@type":"WebSite","@id":"https:\/\/www.dentist-luxembourg.lu\/#website","url":"https:\/\/www.dentist-luxembourg.lu\/","name":"Cabinet Dentaire Dr. Gawellek","description":"Praxis f\u00fcr Implantologie und Endodontie Dr. Gawellek","publisher":{"@id":"https:\/\/www.dentist-luxembourg.lu\/#organization"},"potentialAction":[{"@type":"SearchAction","target":{"@type":"EntryPoint","urlTemplate":"https:\/\/www.dentist-luxembourg.lu\/?s={search_term_string}"},"query-input":{"@type":"PropertyValueSpecification","valueRequired":true,"valueName":"search_term_string"}}],"inLanguage":"fr-FR"},{"@type":"Organization","@id":"https:\/\/www.dentist-luxembourg.lu\/#organization","name":"Cabinet Dentaire Dr. Gawellek","url":"https:\/\/www.dentist-luxembourg.lu\/","logo":{"@type":"ImageObject","inLanguage":"fr-FR","@id":"https:\/\/www.dentist-luxembourg.lu\/#\/schema\/logo\/image\/","url":"https:\/\/www.dentist-luxembourg.lu\/wp-content\/uploads\/2022\/11\/Zahnarzt_Gawellek_Logo_gruen.svg","contentUrl":"https:\/\/www.dentist-luxembourg.lu\/wp-content\/uploads\/2022\/11\/Zahnarzt_Gawellek_Logo_gruen.svg","width":303,"height":91,"caption":"Cabinet Dentaire Dr. Gawellek"},"image":{"@id":"https:\/\/www.dentist-luxembourg.lu\/#\/schema\/logo\/image\/"}}]}},"_links":{"self":[{"href":"https:\/\/www.dentist-luxembourg.lu\/fr\/wp-json\/wp\/v2\/pages\/1739","targetHints":{"allow":["GET"]}}],"collection":[{"href":"https:\/\/www.dentist-luxembourg.lu\/fr\/wp-json\/wp\/v2\/pages"}],"about":[{"href":"https:\/\/www.dentist-luxembourg.lu\/fr\/wp-json\/wp\/v2\/types\/page"}],"author":[{"embeddable":true,"href":"https:\/\/www.dentist-luxembourg.lu\/fr\/wp-json\/wp\/v2\/users\/2"}],"replies":[{"embeddable":true,"href":"https:\/\/www.dentist-luxembourg.lu\/fr\/wp-json\/wp\/v2\/comments?post=1739"}],"version-history":[{"count":0,"href":"https:\/\/www.dentist-luxembourg.lu\/fr\/wp-json\/wp\/v2\/pages\/1739\/revisions"}],"wp:attachment":[{"href":"https:\/\/www.dentist-luxembourg.lu\/fr\/wp-json\/wp\/v2\/media?parent=1739"}],"curies":[{"name":"wp","href":"https:\/\/api.w.org\/{rel}","templated":true}]}}