{"id":1729,"date":"2023-02-01T08:00:23","date_gmt":"2023-02-01T08:00:23","guid":{"rendered":"https:\/\/www.dentist-luxembourg.lu\/?page_id=1729"},"modified":"2023-02-09T09:04:07","modified_gmt":"2023-02-09T09:04:07","slug":"prophylaxe-pzr","status":"publish","type":"page","link":"https:\/\/www.dentist-luxembourg.lu\/fr\/prophylaxe-pzr\/","title":{"rendered":"Prophylaxe &#8211; PZR"},"content":{"rendered":"<div data-elementor-type=\"wp-page\" data-elementor-id=\"1729\" class=\"elementor elementor-1729\">\n\t\t\t\t\t\t\t\t\t<section class=\"elementor-section elementor-top-section elementor-element elementor-element-322af2cf elementor-section-full_width elementor-section-items-stretch elementor-section-height-min-height elementor-section-height-default\" data-id=\"322af2cf\" data-element_type=\"section\" data-settings=\"{&quot;background_background&quot;:&quot;classic&quot;}\">\n\t\t\t\t\t\t\t<div class=\"elementor-background-overlay\"><\/div>\n\t\t\t\t\t\t\t<div class=\"elementor-container elementor-column-gap-no\">\n\t\t\t\t\t<div class=\"elementor-column elementor-col-100 elementor-top-column elementor-element elementor-element-282c54fb\" data-id=\"282c54fb\" data-element_type=\"column\" data-settings=\"{&quot;background_background&quot;:&quot;classic&quot;}\">\n\t\t\t<div class=\"elementor-widget-wrap\">\n\t\t\t\t\t\t\t\t\t<\/div>\n\t\t<\/div>\n\t\t\t\t\t\t\t<\/div>\n\t\t<\/section>\n\t\t\t\t<section class=\"elementor-section elementor-top-section elementor-element elementor-element-6e64f404 elementor-section-boxed elementor-section-height-default elementor-section-height-default\" data-id=\"6e64f404\" data-element_type=\"section\" data-settings=\"{&quot;background_background&quot;:&quot;classic&quot;}\">\n\t\t\t\t\t\t\t<div class=\"elementor-background-overlay\"><\/div>\n\t\t\t\t\t\t\t<div class=\"elementor-container elementor-column-gap-no\">\n\t\t\t\t\t<div class=\"elementor-column elementor-col-100 elementor-top-column elementor-element elementor-element-6b7c148a\" data-id=\"6b7c148a\" data-element_type=\"column\" data-settings=\"{&quot;background_background&quot;:&quot;classic&quot;}\">\n\t\t\t<div class=\"elementor-widget-wrap elementor-element-populated\">\n\t\t\t\t\t\t\t\t<div class=\"elementor-element elementor-element-e442e02 elementor-widget elementor-widget-heading\" data-id=\"e442e02\" data-element_type=\"widget\" data-widget_type=\"heading.default\">\n\t\t\t\t<div class=\"elementor-widget-container\">\n\t\t\t<h1 class=\"elementor-heading-title elementor-size-default\">prophylaxie \u2013 PZR<\/h1>\t\t<\/div>\n\t\t\t\t<\/div>\n\t\t\t\t<div class=\"elementor-element elementor-element-0fabe83 elementor-widget elementor-widget-text-editor\" data-id=\"0fabe83\" data-element_type=\"widget\" data-widget_type=\"text-editor.default\">\n\t\t\t\t<div class=\"elementor-widget-container\">\n\t\t\t\t\t\t\t<p>La carie dentaire et les maladies des gencives sont caus\u00e9es par des bact\u00e9ries qui se d\u00e9posent dans la plaque dentaire. Cette plaque bact\u00e9rienne doit \u00eatre \u00e9limin\u00e9e quotidiennement. Pour cela, vous avez besoin de la bonne technique de nettoyage et d'outils sp\u00e9ciaux. Cependant, les d\u00e9p\u00f4ts dans les espaces entre les dents et sous les gencives sont difficiles \u00e0 atteindre et ne peuvent donc pas \u00eatre \u00e9limin\u00e9s m\u00eame avec un brossage minutieux. La prophylaxie dentaire tient compte de ces probl\u00e8mes. Pour en revenir \u00e0 la question \"qu'est-ce que la prophylaxie\": La prophylaxie signifie l'\u00e9limination compl\u00e8te de toute la plaque dentaire. Des rendez-vous pr\u00e9ventifs r\u00e9guliers chez le dentiste compl\u00e8tent le brossage des dents \u00e0 la maison. Votre dentiste va l\u00e0 o\u00f9 votre brosse \u00e0 dents ne peut pas.<\/p>\t\t\t\t\t\t<\/div>\n\t\t\t\t<\/div>\n\t\t\t\t\t<\/div>\n\t\t<\/div>\n\t\t\t\t\t\t\t<\/div>\n\t\t<\/section>\n\t\t\t\t\t\t\t<\/div>","protected":false},"excerpt":{"rendered":"<p>Prophylaxe \/ PZR Karies und Zahnfleischerkrankungen entstehen durch Bakterien, die sich im Zahnbelag ansiedeln. Dieser bakterielle Zahnbelag muss t\u00e4glich entfernt werden. Dazu braucht man die richtige Putztechnik und spezielle Hilfsmittel. Allerdings sind vor allem die Bel\u00e4ge in den Zahnzwischenr\u00e4umen und unter dem Zahnfleisch schwer erreichbar und daher auch bei gr\u00fcndlichem Z\u00e4hneputzen nicht zu beseitigen. Die [&hellip;]<\/p>","protected":false},"author":2,"featured_media":0,"parent":0,"menu_order":19,"comment_status":"closed","ping_status":"closed","template":"elementor_header_footer","meta":{"footnotes":""},"class_list":["post-1729","page","type-page","status-publish","hentry"],"yoast_head":"<!-- This site is optimized with the Yoast SEO plugin v27.4 - https:\/\/yoast.com\/product\/yoast-seo-wordpress\/ -->\n<title>Prophylaxe - PZR - Cabinet Dentaire Dr. Gawellek in Luxembourg<\/title>\n<meta name=\"robots\" content=\"index, follow, max-snippet:-1, max-image-preview:large, max-video-preview:-1\" \/>\n<link rel=\"canonical\" href=\"https:\/\/www.dentist-luxembourg.lu\/fr\/prophylaxe-pzr\/\" \/>\n<script type=\"application\/ld+json\" class=\"yoast-schema-graph\">{\"@context\":\"https:\\\/\\\/schema.org\",\"@graph\":[{\"@type\":\"WebPage\",\"@id\":\"https:\\\/\\\/www.dentist-luxembourg.lu\\\/prophylaxe-pzr\\\/\",\"url\":\"https:\\\/\\\/www.dentist-luxembourg.lu\\\/prophylaxe-pzr\\\/\",\"name\":\"Prophylaxe - PZR - Cabinet Dentaire Dr. Gawellek in Luxembourg\",\"isPartOf\":{\"@id\":\"https:\\\/\\\/www.dentist-luxembourg.lu\\\/#website\"},\"datePublished\":\"2023-02-01T08:00:23+00:00\",\"dateModified\":\"2023-02-09T09:04:07+00:00\",\"breadcrumb\":{\"@id\":\"https:\\\/\\\/www.dentist-luxembourg.lu\\\/prophylaxe-pzr\\\/#breadcrumb\"},\"inLanguage\":\"fr-FR\",\"potentialAction\":[{\"@type\":\"ReadAction\",\"target\":[\"https:\\\/\\\/www.dentist-luxembourg.lu\\\/prophylaxe-pzr\\\/\"]}]},{\"@type\":\"BreadcrumbList\",\"@id\":\"https:\\\/\\\/www.dentist-luxembourg.lu\\\/prophylaxe-pzr\\\/#breadcrumb\",\"itemListElement\":[{\"@type\":\"ListItem\",\"position\":1,\"name\":\"Startseite\",\"item\":\"https:\\\/\\\/www.dentist-luxembourg.lu\\\/\"},{\"@type\":\"ListItem\",\"position\":2,\"name\":\"Prophylaxe &#8211; PZR\"}]},{\"@type\":\"WebSite\",\"@id\":\"https:\\\/\\\/www.dentist-luxembourg.lu\\\/#website\",\"url\":\"https:\\\/\\\/www.dentist-luxembourg.lu\\\/\",\"name\":\"Cabinet Dentaire Dr. Gawellek\",\"description\":\"Praxis f\u00fcr Implantologie und Endodontie Dr. Gawellek\",\"publisher\":{\"@id\":\"https:\\\/\\\/www.dentist-luxembourg.lu\\\/#organization\"},\"potentialAction\":[{\"@type\":\"SearchAction\",\"target\":{\"@type\":\"EntryPoint\",\"urlTemplate\":\"https:\\\/\\\/www.dentist-luxembourg.lu\\\/?s={search_term_string}\"},\"query-input\":{\"@type\":\"PropertyValueSpecification\",\"valueRequired\":true,\"valueName\":\"search_term_string\"}}],\"inLanguage\":\"fr-FR\"},{\"@type\":\"Organization\",\"@id\":\"https:\\\/\\\/www.dentist-luxembourg.lu\\\/#organization\",\"name\":\"Cabinet Dentaire Dr. Gawellek\",\"url\":\"https:\\\/\\\/www.dentist-luxembourg.lu\\\/\",\"logo\":{\"@type\":\"ImageObject\",\"inLanguage\":\"fr-FR\",\"@id\":\"https:\\\/\\\/www.dentist-luxembourg.lu\\\/#\\\/schema\\\/logo\\\/image\\\/\",\"url\":\"https:\\\/\\\/www.dentist-luxembourg.lu\\\/wp-content\\\/uploads\\\/2022\\\/11\\\/Zahnarzt_Gawellek_Logo_gruen.svg\",\"contentUrl\":\"https:\\\/\\\/www.dentist-luxembourg.lu\\\/wp-content\\\/uploads\\\/2022\\\/11\\\/Zahnarzt_Gawellek_Logo_gruen.svg\",\"width\":303,\"height\":91,\"caption\":\"Cabinet Dentaire Dr. Gawellek\"},\"image\":{\"@id\":\"https:\\\/\\\/www.dentist-luxembourg.lu\\\/#\\\/schema\\\/logo\\\/image\\\/\"}}]}<\/script>\n<!-- \/ Yoast SEO plugin. -->","yoast_head_json":{"title":"Prophylaxe - PZR - Cabinet Dentaire Dr. Gawellek in Luxembourg","robots":{"index":"index","follow":"follow","max-snippet":"max-snippet:-1","max-image-preview":"max-image-preview:large","max-video-preview":"max-video-preview:-1"},"canonical":"https:\/\/www.dentist-luxembourg.lu\/fr\/prophylaxe-pzr\/","schema":{"@context":"https:\/\/schema.org","@graph":[{"@type":"WebPage","@id":"https:\/\/www.dentist-luxembourg.lu\/prophylaxe-pzr\/","url":"https:\/\/www.dentist-luxembourg.lu\/prophylaxe-pzr\/","name":"Prophylaxe - PZR - Cabinet Dentaire Dr. Gawellek in Luxembourg","isPartOf":{"@id":"https:\/\/www.dentist-luxembourg.lu\/#website"},"datePublished":"2023-02-01T08:00:23+00:00","dateModified":"2023-02-09T09:04:07+00:00","breadcrumb":{"@id":"https:\/\/www.dentist-luxembourg.lu\/prophylaxe-pzr\/#breadcrumb"},"inLanguage":"fr-FR","potentialAction":[{"@type":"ReadAction","target":["https:\/\/www.dentist-luxembourg.lu\/prophylaxe-pzr\/"]}]},{"@type":"BreadcrumbList","@id":"https:\/\/www.dentist-luxembourg.lu\/prophylaxe-pzr\/#breadcrumb","itemListElement":[{"@type":"ListItem","position":1,"name":"Startseite","item":"https:\/\/www.dentist-luxembourg.lu\/"},{"@type":"ListItem","position":2,"name":"Prophylaxe &#8211; PZR"}]},{"@type":"WebSite","@id":"https:\/\/www.dentist-luxembourg.lu\/#website","url":"https:\/\/www.dentist-luxembourg.lu\/","name":"Cabinet Dentaire Dr. Gawellek","description":"Praxis f\u00fcr Implantologie und Endodontie Dr. Gawellek","publisher":{"@id":"https:\/\/www.dentist-luxembourg.lu\/#organization"},"potentialAction":[{"@type":"SearchAction","target":{"@type":"EntryPoint","urlTemplate":"https:\/\/www.dentist-luxembourg.lu\/?s={search_term_string}"},"query-input":{"@type":"PropertyValueSpecification","valueRequired":true,"valueName":"search_term_string"}}],"inLanguage":"fr-FR"},{"@type":"Organization","@id":"https:\/\/www.dentist-luxembourg.lu\/#organization","name":"Cabinet Dentaire Dr. Gawellek","url":"https:\/\/www.dentist-luxembourg.lu\/","logo":{"@type":"ImageObject","inLanguage":"fr-FR","@id":"https:\/\/www.dentist-luxembourg.lu\/#\/schema\/logo\/image\/","url":"https:\/\/www.dentist-luxembourg.lu\/wp-content\/uploads\/2022\/11\/Zahnarzt_Gawellek_Logo_gruen.svg","contentUrl":"https:\/\/www.dentist-luxembourg.lu\/wp-content\/uploads\/2022\/11\/Zahnarzt_Gawellek_Logo_gruen.svg","width":303,"height":91,"caption":"Cabinet Dentaire Dr. Gawellek"},"image":{"@id":"https:\/\/www.dentist-luxembourg.lu\/#\/schema\/logo\/image\/"}}]}},"_links":{"self":[{"href":"https:\/\/www.dentist-luxembourg.lu\/fr\/wp-json\/wp\/v2\/pages\/1729","targetHints":{"allow":["GET"]}}],"collection":[{"href":"https:\/\/www.dentist-luxembourg.lu\/fr\/wp-json\/wp\/v2\/pages"}],"about":[{"href":"https:\/\/www.dentist-luxembourg.lu\/fr\/wp-json\/wp\/v2\/types\/page"}],"author":[{"embeddable":true,"href":"https:\/\/www.dentist-luxembourg.lu\/fr\/wp-json\/wp\/v2\/users\/2"}],"replies":[{"embeddable":true,"href":"https:\/\/www.dentist-luxembourg.lu\/fr\/wp-json\/wp\/v2\/comments?post=1729"}],"version-history":[{"count":0,"href":"https:\/\/www.dentist-luxembourg.lu\/fr\/wp-json\/wp\/v2\/pages\/1729\/revisions"}],"wp:attachment":[{"href":"https:\/\/www.dentist-luxembourg.lu\/fr\/wp-json\/wp\/v2\/media?parent=1729"}],"curies":[{"name":"wp","href":"https:\/\/api.w.org\/{rel}","templated":true}]}}