{"id":1692,"date":"2023-02-01T07:43:00","date_gmt":"2023-02-01T07:43:00","guid":{"rendered":"https:\/\/www.dentist-luxembourg.lu\/?page_id=1692"},"modified":"2023-03-16T07:25:16","modified_gmt":"2023-03-16T07:25:16","slug":"oralchirugie-implantologie","status":"publish","type":"page","link":"https:\/\/www.dentist-luxembourg.lu\/fr\/oralchirugie-implantologie\/","title":{"rendered":"Oralchirugie &#8211; Implantologie"},"content":{"rendered":"<div data-elementor-type=\"wp-page\" data-elementor-id=\"1692\" class=\"elementor elementor-1692\">\n\t\t\t\t\t\t\t\t\t<section class=\"elementor-section elementor-top-section elementor-element elementor-element-c74fe47 elementor-section-full_width elementor-section-items-stretch elementor-section-height-min-height elementor-section-height-default\" data-id=\"c74fe47\" data-element_type=\"section\" data-settings=\"{&quot;background_background&quot;:&quot;classic&quot;}\">\n\t\t\t\t\t\t\t<div class=\"elementor-background-overlay\"><\/div>\n\t\t\t\t\t\t\t<div class=\"elementor-container elementor-column-gap-no\">\n\t\t\t\t\t<div class=\"elementor-column elementor-col-100 elementor-top-column elementor-element elementor-element-4f7f45d\" data-id=\"4f7f45d\" data-element_type=\"column\" data-settings=\"{&quot;background_background&quot;:&quot;classic&quot;}\">\n\t\t\t<div class=\"elementor-widget-wrap\">\n\t\t\t\t\t\t\t\t\t<\/div>\n\t\t<\/div>\n\t\t\t\t\t\t\t<\/div>\n\t\t<\/section>\n\t\t\t\t<section class=\"elementor-section elementor-top-section elementor-element elementor-element-ad7775b elementor-section-boxed elementor-section-height-default elementor-section-height-default\" data-id=\"ad7775b\" data-element_type=\"section\" data-settings=\"{&quot;background_background&quot;:&quot;classic&quot;}\">\n\t\t\t\t\t\t\t<div class=\"elementor-background-overlay\"><\/div>\n\t\t\t\t\t\t\t<div class=\"elementor-container elementor-column-gap-no\">\n\t\t\t\t\t<div class=\"elementor-column elementor-col-100 elementor-top-column elementor-element elementor-element-7b7b8cc\" data-id=\"7b7b8cc\" data-element_type=\"column\" data-settings=\"{&quot;background_background&quot;:&quot;classic&quot;}\">\n\t\t\t<div class=\"elementor-widget-wrap elementor-element-populated\">\n\t\t\t\t\t\t\t\t<div class=\"elementor-element elementor-element-e442e02 elementor-widget elementor-widget-heading\" data-id=\"e442e02\" data-element_type=\"widget\" data-widget_type=\"heading.default\">\n\t\t\t\t<div class=\"elementor-widget-container\">\n\t\t\t<h1 class=\"elementor-heading-title elementor-size-default\">Chirurgie Orale \/ Implantologie<\/h1>\t\t<\/div>\n\t\t\t\t<\/div>\n\t\t\t\t<div class=\"elementor-element elementor-element-8549f08 elementor-widget elementor-widget-text-editor\" data-id=\"8549f08\" data-element_type=\"widget\" data-widget_type=\"text-editor.default\">\n\t\t\t\t<div class=\"elementor-widget-container\">\n\t\t\t\t\t\t\t<p>Notre \u00e9quipe chirurgicale est compos\u00e9e d'employ\u00e9s bien rod\u00e9s et exp\u00e9riment\u00e9s. Chef d'\u00e9quipe M. Mario Gawellek (Master of Science, Msc et Dentiste) se sp\u00e9cialise dans les domaines de la chirurgie buccale et de l'implantologie. Afin de concevoir une atmosph\u00e8re calme et d\u00e9tendue, nous travaillons avec des sp\u00e9cialistes de l'hypnose et de la relaxation ainsi qu'avec la proc\u00e9dure \u00e9prouv\u00e9e du gaz hilarant. Nous n'utilisons que des mat\u00e9riaux de la plus haute qualit\u00e9. Ceux-ci ont \u00e9t\u00e9 test\u00e9s et recommand\u00e9s par des universit\u00e9s renomm\u00e9es apr\u00e8s des \u00e9tudes approfondies.<\/p>\t\t\t\t\t\t<\/div>\n\t\t\t\t<\/div>\n\t\t\t\t\t<\/div>\n\t\t<\/div>\n\t\t\t\t\t\t\t<\/div>\n\t\t<\/section>\n\t\t\t\t\t\t\t<\/div>","protected":false},"excerpt":{"rendered":"<p>Oralchirugie \/ Implantologie Unser chirurgisches Team besteht aus eingespielten und erfahrenen Mitarbeitern. Leiter des Teams Herr Mario Gawellek (Master of Science, Msc und Zahnarzt) ist in den Fachgebieten Oralchirurgie und Implantologie spezialisiert. Um eine ruhige und entspannte Atmosph\u00e4re zu konzipieren, arbeiten wir mit Hypnose- und Entspannungsspezialisten sowie mit dem bew\u00e4hrten Lachgasverfahren. Wir benutzen nur hochwertigste [&hellip;]<\/p>","protected":false},"author":2,"featured_media":0,"parent":0,"menu_order":10,"comment_status":"closed","ping_status":"closed","template":"elementor_header_footer","meta":{"footnotes":""},"class_list":["post-1692","page","type-page","status-publish","hentry"],"yoast_head":"<!-- This site is optimized with the Yoast SEO plugin v27.4 - https:\/\/yoast.com\/product\/yoast-seo-wordpress\/ -->\n<title>Oralchirugie - Implantologie - Cabinet Dentaire Dr. Gawellek in Luxembourg<\/title>\n<meta name=\"robots\" content=\"index, follow, max-snippet:-1, max-image-preview:large, max-video-preview:-1\" \/>\n<link rel=\"canonical\" href=\"https:\/\/www.dentist-luxembourg.lu\/fr\/oralchirugie-implantologie\/\" \/>\n<script type=\"application\/ld+json\" class=\"yoast-schema-graph\">{\"@context\":\"https:\\\/\\\/schema.org\",\"@graph\":[{\"@type\":\"WebPage\",\"@id\":\"https:\\\/\\\/www.dentist-luxembourg.lu\\\/oralchirugie-implantologie\\\/\",\"url\":\"https:\\\/\\\/www.dentist-luxembourg.lu\\\/oralchirugie-implantologie\\\/\",\"name\":\"Oralchirugie - Implantologie - Cabinet Dentaire Dr. Gawellek in Luxembourg\",\"isPartOf\":{\"@id\":\"https:\\\/\\\/www.dentist-luxembourg.lu\\\/#website\"},\"datePublished\":\"2023-02-01T07:43:00+00:00\",\"dateModified\":\"2023-03-16T07:25:16+00:00\",\"breadcrumb\":{\"@id\":\"https:\\\/\\\/www.dentist-luxembourg.lu\\\/oralchirugie-implantologie\\\/#breadcrumb\"},\"inLanguage\":\"fr-FR\",\"potentialAction\":[{\"@type\":\"ReadAction\",\"target\":[\"https:\\\/\\\/www.dentist-luxembourg.lu\\\/oralchirugie-implantologie\\\/\"]}]},{\"@type\":\"BreadcrumbList\",\"@id\":\"https:\\\/\\\/www.dentist-luxembourg.lu\\\/oralchirugie-implantologie\\\/#breadcrumb\",\"itemListElement\":[{\"@type\":\"ListItem\",\"position\":1,\"name\":\"Startseite\",\"item\":\"https:\\\/\\\/www.dentist-luxembourg.lu\\\/\"},{\"@type\":\"ListItem\",\"position\":2,\"name\":\"Oralchirugie &#8211; Implantologie\"}]},{\"@type\":\"WebSite\",\"@id\":\"https:\\\/\\\/www.dentist-luxembourg.lu\\\/#website\",\"url\":\"https:\\\/\\\/www.dentist-luxembourg.lu\\\/\",\"name\":\"Cabinet Dentaire Dr. Gawellek\",\"description\":\"Praxis f\u00fcr Implantologie und Endodontie Dr. Gawellek\",\"publisher\":{\"@id\":\"https:\\\/\\\/www.dentist-luxembourg.lu\\\/#organization\"},\"potentialAction\":[{\"@type\":\"SearchAction\",\"target\":{\"@type\":\"EntryPoint\",\"urlTemplate\":\"https:\\\/\\\/www.dentist-luxembourg.lu\\\/?s={search_term_string}\"},\"query-input\":{\"@type\":\"PropertyValueSpecification\",\"valueRequired\":true,\"valueName\":\"search_term_string\"}}],\"inLanguage\":\"fr-FR\"},{\"@type\":\"Organization\",\"@id\":\"https:\\\/\\\/www.dentist-luxembourg.lu\\\/#organization\",\"name\":\"Cabinet Dentaire Dr. Gawellek\",\"url\":\"https:\\\/\\\/www.dentist-luxembourg.lu\\\/\",\"logo\":{\"@type\":\"ImageObject\",\"inLanguage\":\"fr-FR\",\"@id\":\"https:\\\/\\\/www.dentist-luxembourg.lu\\\/#\\\/schema\\\/logo\\\/image\\\/\",\"url\":\"https:\\\/\\\/www.dentist-luxembourg.lu\\\/wp-content\\\/uploads\\\/2022\\\/11\\\/Zahnarzt_Gawellek_Logo_gruen.svg\",\"contentUrl\":\"https:\\\/\\\/www.dentist-luxembourg.lu\\\/wp-content\\\/uploads\\\/2022\\\/11\\\/Zahnarzt_Gawellek_Logo_gruen.svg\",\"width\":303,\"height\":91,\"caption\":\"Cabinet Dentaire Dr. Gawellek\"},\"image\":{\"@id\":\"https:\\\/\\\/www.dentist-luxembourg.lu\\\/#\\\/schema\\\/logo\\\/image\\\/\"}}]}<\/script>\n<!-- \/ Yoast SEO plugin. -->","yoast_head_json":{"title":"Oralchirugie - Implantologie - Cabinet Dentaire Dr. Gawellek in Luxembourg","robots":{"index":"index","follow":"follow","max-snippet":"max-snippet:-1","max-image-preview":"max-image-preview:large","max-video-preview":"max-video-preview:-1"},"canonical":"https:\/\/www.dentist-luxembourg.lu\/fr\/oralchirugie-implantologie\/","schema":{"@context":"https:\/\/schema.org","@graph":[{"@type":"WebPage","@id":"https:\/\/www.dentist-luxembourg.lu\/oralchirugie-implantologie\/","url":"https:\/\/www.dentist-luxembourg.lu\/oralchirugie-implantologie\/","name":"Oralchirugie - Implantologie - Cabinet Dentaire Dr. Gawellek in Luxembourg","isPartOf":{"@id":"https:\/\/www.dentist-luxembourg.lu\/#website"},"datePublished":"2023-02-01T07:43:00+00:00","dateModified":"2023-03-16T07:25:16+00:00","breadcrumb":{"@id":"https:\/\/www.dentist-luxembourg.lu\/oralchirugie-implantologie\/#breadcrumb"},"inLanguage":"fr-FR","potentialAction":[{"@type":"ReadAction","target":["https:\/\/www.dentist-luxembourg.lu\/oralchirugie-implantologie\/"]}]},{"@type":"BreadcrumbList","@id":"https:\/\/www.dentist-luxembourg.lu\/oralchirugie-implantologie\/#breadcrumb","itemListElement":[{"@type":"ListItem","position":1,"name":"Startseite","item":"https:\/\/www.dentist-luxembourg.lu\/"},{"@type":"ListItem","position":2,"name":"Oralchirugie &#8211; Implantologie"}]},{"@type":"WebSite","@id":"https:\/\/www.dentist-luxembourg.lu\/#website","url":"https:\/\/www.dentist-luxembourg.lu\/","name":"Cabinet Dentaire Dr. Gawellek","description":"Praxis f\u00fcr Implantologie und Endodontie Dr. Gawellek","publisher":{"@id":"https:\/\/www.dentist-luxembourg.lu\/#organization"},"potentialAction":[{"@type":"SearchAction","target":{"@type":"EntryPoint","urlTemplate":"https:\/\/www.dentist-luxembourg.lu\/?s={search_term_string}"},"query-input":{"@type":"PropertyValueSpecification","valueRequired":true,"valueName":"search_term_string"}}],"inLanguage":"fr-FR"},{"@type":"Organization","@id":"https:\/\/www.dentist-luxembourg.lu\/#organization","name":"Cabinet Dentaire Dr. Gawellek","url":"https:\/\/www.dentist-luxembourg.lu\/","logo":{"@type":"ImageObject","inLanguage":"fr-FR","@id":"https:\/\/www.dentist-luxembourg.lu\/#\/schema\/logo\/image\/","url":"https:\/\/www.dentist-luxembourg.lu\/wp-content\/uploads\/2022\/11\/Zahnarzt_Gawellek_Logo_gruen.svg","contentUrl":"https:\/\/www.dentist-luxembourg.lu\/wp-content\/uploads\/2022\/11\/Zahnarzt_Gawellek_Logo_gruen.svg","width":303,"height":91,"caption":"Cabinet Dentaire Dr. Gawellek"},"image":{"@id":"https:\/\/www.dentist-luxembourg.lu\/#\/schema\/logo\/image\/"}}]}},"_links":{"self":[{"href":"https:\/\/www.dentist-luxembourg.lu\/fr\/wp-json\/wp\/v2\/pages\/1692","targetHints":{"allow":["GET"]}}],"collection":[{"href":"https:\/\/www.dentist-luxembourg.lu\/fr\/wp-json\/wp\/v2\/pages"}],"about":[{"href":"https:\/\/www.dentist-luxembourg.lu\/fr\/wp-json\/wp\/v2\/types\/page"}],"author":[{"embeddable":true,"href":"https:\/\/www.dentist-luxembourg.lu\/fr\/wp-json\/wp\/v2\/users\/2"}],"replies":[{"embeddable":true,"href":"https:\/\/www.dentist-luxembourg.lu\/fr\/wp-json\/wp\/v2\/comments?post=1692"}],"version-history":[{"count":3,"href":"https:\/\/www.dentist-luxembourg.lu\/fr\/wp-json\/wp\/v2\/pages\/1692\/revisions"}],"predecessor-version":[{"id":2279,"href":"https:\/\/www.dentist-luxembourg.lu\/fr\/wp-json\/wp\/v2\/pages\/1692\/revisions\/2279"}],"wp:attachment":[{"href":"https:\/\/www.dentist-luxembourg.lu\/fr\/wp-json\/wp\/v2\/media?parent=1692"}],"curies":[{"name":"wp","href":"https:\/\/api.w.org\/{rel}","templated":true}]}}