{"id":1601,"date":"2022-12-01T11:20:15","date_gmt":"2022-12-01T11:20:15","guid":{"rendered":"https:\/\/www.dentist-luxembourg.lu\/?page_id=1601"},"modified":"2023-03-14T15:03:34","modified_gmt":"2023-03-14T15:03:34","slug":"impressum","status":"publish","type":"page","link":"https:\/\/www.dentist-luxembourg.lu\/en\/impressum\/","title":{"rendered":"imprint"},"content":{"rendered":"<div data-elementor-type=\"wp-page\" data-elementor-id=\"1601\" class=\"elementor elementor-1601\">\n\t\t\t\t\t\t\t\t\t<section class=\"elementor-section elementor-top-section elementor-element elementor-element-bf5c8fe elementor-section-full_width elementor-section-items-stretch elementor-section-height-min-height elementor-section-height-default\" data-id=\"bf5c8fe\" data-element_type=\"section\" data-settings=\"{&quot;background_background&quot;:&quot;classic&quot;}\">\n\t\t\t\t\t\t\t<div class=\"elementor-background-overlay\"><\/div>\n\t\t\t\t\t\t\t<div class=\"elementor-container elementor-column-gap-no\">\n\t\t\t\t\t<div class=\"elementor-column elementor-col-100 elementor-top-column elementor-element elementor-element-2ed8dd4\" data-id=\"2ed8dd4\" data-element_type=\"column\" data-settings=\"{&quot;background_background&quot;:&quot;classic&quot;}\">\n\t\t\t<div class=\"elementor-widget-wrap\">\n\t\t\t\t\t\t\t\t\t<\/div>\n\t\t<\/div>\n\t\t\t\t\t\t\t<\/div>\n\t\t<\/section>\n\t\t\t\t<section class=\"elementor-section elementor-top-section elementor-element elementor-element-f3874ea elementor-section-boxed elementor-section-height-default elementor-section-height-default\" data-id=\"f3874ea\" data-element_type=\"section\" data-settings=\"{&quot;background_background&quot;:&quot;classic&quot;}\">\n\t\t\t\t\t\t\t<div class=\"elementor-background-overlay\"><\/div>\n\t\t\t\t\t\t\t<div class=\"elementor-container elementor-column-gap-no\">\n\t\t\t\t\t<div class=\"elementor-column elementor-col-100 elementor-top-column elementor-element elementor-element-b9dbff4\" data-id=\"b9dbff4\" data-element_type=\"column\" data-settings=\"{&quot;background_background&quot;:&quot;classic&quot;}\">\n\t\t\t<div class=\"elementor-widget-wrap elementor-element-populated\">\n\t\t\t\t\t\t\t\t<div class=\"elementor-element elementor-element-918d27b elementor-widget elementor-widget-heading\" data-id=\"918d27b\" data-element_type=\"widget\" data-widget_type=\"heading.default\">\n\t\t\t\t<div class=\"elementor-widget-container\">\n\t\t\t<h1 class=\"elementor-heading-title elementor-size-default\">imprint<\/h1>\t\t<\/div>\n\t\t\t\t<\/div>\n\t\t\t\t<div class=\"elementor-element elementor-element-1a91e52 meincss elementor-widget elementor-widget-html\" data-id=\"1a91e52\" data-element_type=\"widget\" data-widget_type=\"html.default\">\n\t\t\t\t<div class=\"elementor-widget-container\">\n\t\t\t<h2 id=\"m46\">Diensteanbieter<\/h2>\n<p>Dr. Shokoufeh Gawellek<\/p>\n<p>Rue Principale, 53<\/p>\n<p>5367 Schuttrange<\/p>\n<p>Luxemburg<\/p>\n<h2 id=\"m56\">Kontaktm\u00f6glichkeiten<\/h2>E-Mail-Adresse: <p>info@dentist-luxembourg.lu<\/p>\nphone <p>+352-2670-1303<\/p>\n<h2 id=\"m166\">Aufsichtsbeh\u00f6rde<\/h2>Aufsichtsbeh\u00f6rde: <p>Minist\u00e8re de la Sant\u00e9<br>Adresse: 1 Rue Charles Darwin, 1433 Luxembourg<br>Tel.: 24 78 55 00<br><!--Fax.: +XXXX--><\/p>\n\n<h2 id=\"m157\">Berufsbezeichnung<\/h2>\nGesetzliche Berufsbezeichnung: <p>Zahnarzt (M\u00e9decin-dentiste)<\/p>\nDie Berufsbezeichnung wurde verliehen in: <p>Minist\u00e8re de la Sant\u00e9<\/p>\n\n<h2 id=\"m162\">Kammer<\/h2>\nZust\u00e4ndige Kammer:\n<p>Coll\u00e8ge M\u00e9dical<br>Adresse: 2 Rue Albert Ier, 1117 Luxembourg<br>Tel.: 20 60 11 01 20<br><!--Fax.: +XXXX--><\/p>\n\n\n<h2 id=\"m175\">Streitbeilegung vor einer Verbraucherschlichtungsstelle<\/h2><p>Angaben zur Teilnahme an der Verbraucherstreitschlichtung: Wir sind nicht bereit und nicht verpflichtet an einem Streitbeilegungsverfahren vor einer Verbraucherstreitschlichtungsstelle teilzunehmen.<\/p>\n<h2 id=\"m65\">Haftungs- und Schutzrechtshinweise<\/h2><p>Haftungsausschluss: Die Inhalte dieses Onlineangebotes wurden sorgf\u00e4ltig und nach unserem aktuellen Kenntnisstand erstellt, dienen jedoch nur der Information und entfalten keine rechtlich bindende Wirkung, sofern es sich nicht um gesetzlich verpflichtende Informationen (z.B. das Impressum, die Datenschutzerkl\u00e4rung, AGB oder verpflichtende Belehrungen von Verbrauchern) handelt. Wir behalten uns vor, die Inhalte vollst\u00e4ndig oder teilweise zu \u00e4ndern oder zu l\u00f6schen, soweit vertragliche Verpflichtungen unber\u00fchrt bleiben. Alle Angebote sind freibleibend und unverbindlich. <\/p>\n<p>Links auf fremde Webseiten: Die Inhalte fremder Webseiten, auf die wir direkt oder indirekt verweisen, liegen au\u00dferhalb unseres Verantwortungsbereiches und wir machen sie uns nicht zu Eigen. F\u00fcr alle Inhalte und Nachteile, die aus der Nutzung der in den verlinkten Webseiten aufrufbaren Informationen entstehen, \u00fcbernehmen wir keine Verantwortung.<\/p>\n<p>Urheberrechte und Markenrechte: Alle auf dieser Website dargestellten Inhalte, wie Texte, Fotografien, Grafiken, Marken und Warenzeichen sind durch die jeweiligen Schutzrechte (Urheberrechte, Markenrechte) gesch\u00fctzt. Die Verwendung, Vervielf\u00e4ltigung usw. unterliegen unseren Rechten oder den Rechten der jeweiligen Urheber bzw. Rechteinhaber.<\/p>\n<p>Hinweise auf Rechtsverst\u00f6\u00dfe: Sollten Sie innerhalb unseres Internetauftritts Rechtsverst\u00f6\u00dfe bemerken, bitten wir Sie uns auf diese hinzuweisen. Wir werden rechtswidrige Inhalte und Links nach Kenntnisnahme unverz\u00fcglich entfernen.<\/p>\n<p class=\"\"><a href=\"https:\/\/datenschutz-generator.de\/\" title=\"Rechtstext von Dr. Schwenke - f\u00fcr weitere Informationen bitte anklicken.\" target=\"_blank\" rel=\"noopener noreferrer nofollow\"><br>Datenschutz-Generator.de von Dr. Thomas Schwenke<\/a><\/p>\t\t<\/div>\n\t\t\t\t<\/div>\n\t\t\t\t\t<\/div>\n\t\t<\/div>\n\t\t\t\t\t\t\t<\/div>\n\t\t<\/section>\n\t\t\t\t<section class=\"elementor-section elementor-top-section elementor-element elementor-element-1df463f elementor-section-boxed elementor-section-height-default elementor-section-height-default\" data-id=\"1df463f\" data-element_type=\"section\" data-settings=\"{&quot;background_background&quot;:&quot;classic&quot;}\">\n\t\t\t\t\t\t\t<div class=\"elementor-background-overlay\"><\/div>\n\t\t\t\t\t\t\t<div class=\"elementor-container elementor-column-gap-no\">\n\t\t\t\t\t<div class=\"elementor-column elementor-col-100 elementor-top-column elementor-element elementor-element-1e0fbab\" data-id=\"1e0fbab\" data-element_type=\"column\" data-settings=\"{&quot;background_background&quot;:&quot;classic&quot;}\">\n\t\t\t<div class=\"elementor-widget-wrap elementor-element-populated\">\n\t\t\t\t\t\t\t\t<div class=\"elementor-element elementor-element-9da9465 elementor-widget elementor-widget-html\" data-id=\"9da9465\" data-element_type=\"widget\" data-widget_type=\"html.default\">\n\t\t\t\t<div class=\"elementor-widget-container\">\n\t\t\t<div style=\"text-align:left;\">\n<h3>Webdesign und Realisierung<\/h3>\n<p><strong>StatusZwo Design<\/strong> | Matthias Schif<br>\nMarkgrafenstr. 7<br>\n95488 Eckersdorf bei Bayreuth<\/p>\n<p><a href=\"https:\/\/www.statuszwo.com\/\" target=\"_blank\" rel=\"noopener noreferrer\" titel=\"StatusZwo Design - Werbeagentur aus Bayreuth\">www.statuszwo.com<\/a><br>\n<a href=\"https:\/\/www.webdesigner-bayreuth.de\/\" target=\"_blank\" rel=\"noopener noreferrer\" titel=\"Ihr Webdesigner aus Bayreuth - Matthias Schif\">www.webdesigner-bayreuth.de<\/a><br>\n<a href=\"mailto:kontakt@statuszwo.com\">kontakt@statuszwo.com<\/a><\/p>\n<\/div>\t\t<\/div>\n\t\t\t\t<\/div>\n\t\t\t\t<div class=\"elementor-element elementor-element-1274b7d elementor-widget elementor-widget-text-editor\" data-id=\"1274b7d\" data-element_type=\"widget\" data-widget_type=\"text-editor.default\">\n\t\t\t\t<div class=\"elementor-widget-container\">\n\t\t\t\t\t\t\t<p><strong>Bildnachweise:<\/strong><\/p>\t\t\t\t\t\t<\/div>\n\t\t\t\t<\/div>\n\t\t\t\t<div class=\"elementor-element elementor-element-f3aaa0a elementor-widget elementor-widget-text-editor\" data-id=\"f3aaa0a\" data-element_type=\"widget\" data-widget_type=\"text-editor.default\">\n\t\t\t\t<div class=\"elementor-widget-container\">\n\t\t\t\t\t\t\t<p><!--Die verwendeten Fotos wurden uns zum Teil von Dr. S. Gawellek und dem Fotograf XXXX zur Verf\u00fcgung gestellt.--><\/p><p>Start: \u00a9 puhhha, AdobeStock<br \/>Endodontie: \u00a9 Ocskay Mark, AdobeStock<br \/>Funktionstherapie: \u00a9 hamara, AdobeStock<br \/>Lachgas: \u00a9 Alla, AdobeStock<br \/>Prophylaxe: \u00a9 New Africa, AdobeStock<br \/>\u00c4sthetische Zahnheilkunde: \u00a9 Kurhan, AdobeStock<br \/>Service: \u00a9 Kurhan, AdobeStock<br \/>Oralchirugie\/Implantologie: \u00a9 sujit, AdobeStock<br \/>Bleaching: \u00a9 New Africa, AdobeStock<br \/>Kieferorthop\u00e4die: \u00a9 karrastock, AdobeStock<br \/>Kinderzahnheilkunde: \u00a9 freshstockplace, AdobeStock<br \/>Zahnersatz: \u00a9 Dental Pro Content, AdobeStock<br \/>Raucherentw\u00f6hnung: \u00a9 tournee, AdobeStock<br \/>Laser: \u00a9 LuckyStep, AdobeStock<br \/>Parodontologie: \u00a9 bilderzwerg, AdobeStock<br \/>Hypnose: \u00a9 styleuneed, AdobeStock<\/p>\t\t\t\t\t\t<\/div>\n\t\t\t\t<\/div>\n\t\t\t\t\t<\/div>\n\t\t<\/div>\n\t\t\t\t\t\t\t<\/div>\n\t\t<\/section>\n\t\t\t\t\t\t\t<\/div>","protected":false},"excerpt":{"rendered":"<p>Impressum Diensteanbieter Dr. Shokoufeh Gawellek Rue Principale, 53 5367 Schuttrange Luxemburg Kontaktm\u00f6glichkeiten E-Mail-Adresse: info@dentist-luxembourg.lu Telefon: +352-2670-1303 Aufsichtsbeh\u00f6rde Aufsichtsbeh\u00f6rde: Minist\u00e8re de la Sant\u00e9Adresse: 1 Rue Charles Darwin, 1433 LuxembourgTel.: 24 78 55 00 Berufsbezeichnung Gesetzliche Berufsbezeichnung: Zahnarzt (M\u00e9decin-dentiste) Die Berufsbezeichnung wurde verliehen in: Minist\u00e8re de la Sant\u00e9 Kammer Zust\u00e4ndige Kammer: Coll\u00e8ge M\u00e9dicalAdresse: 2 Rue Albert Ier, [&hellip;]<\/p>","protected":false},"author":2,"featured_media":0,"parent":0,"menu_order":40,"comment_status":"closed","ping_status":"closed","template":"elementor_header_footer","meta":{"footnotes":""},"class_list":["post-1601","page","type-page","status-publish","hentry"],"yoast_head":"<!-- This site is optimized with the Yoast SEO plugin v27.4 - https:\/\/yoast.com\/product\/yoast-seo-wordpress\/ -->\n<title>Impressum - Cabinet Dentaire Dr. Gawellek in Luxembourg<\/title>\n<meta name=\"robots\" content=\"index, follow, max-snippet:-1, max-image-preview:large, max-video-preview:-1\" \/>\n<link rel=\"canonical\" href=\"https:\/\/www.dentist-luxembourg.lu\/en\/impressum\/\" \/>\n<script type=\"application\/ld+json\" class=\"yoast-schema-graph\">{\"@context\":\"https:\\\/\\\/schema.org\",\"@graph\":[{\"@type\":\"WebPage\",\"@id\":\"https:\\\/\\\/www.dentist-luxembourg.lu\\\/impressum\\\/\",\"url\":\"https:\\\/\\\/www.dentist-luxembourg.lu\\\/impressum\\\/\",\"name\":\"Impressum - Cabinet Dentaire Dr. Gawellek in Luxembourg\",\"isPartOf\":{\"@id\":\"https:\\\/\\\/www.dentist-luxembourg.lu\\\/#website\"},\"datePublished\":\"2022-12-01T11:20:15+00:00\",\"dateModified\":\"2023-03-14T15:03:34+00:00\",\"breadcrumb\":{\"@id\":\"https:\\\/\\\/www.dentist-luxembourg.lu\\\/impressum\\\/#breadcrumb\"},\"inLanguage\":\"en-GB\",\"potentialAction\":[{\"@type\":\"ReadAction\",\"target\":[\"https:\\\/\\\/www.dentist-luxembourg.lu\\\/impressum\\\/\"]}]},{\"@type\":\"BreadcrumbList\",\"@id\":\"https:\\\/\\\/www.dentist-luxembourg.lu\\\/impressum\\\/#breadcrumb\",\"itemListElement\":[{\"@type\":\"ListItem\",\"position\":1,\"name\":\"Startseite\",\"item\":\"https:\\\/\\\/www.dentist-luxembourg.lu\\\/\"},{\"@type\":\"ListItem\",\"position\":2,\"name\":\"Impressum\"}]},{\"@type\":\"WebSite\",\"@id\":\"https:\\\/\\\/www.dentist-luxembourg.lu\\\/#website\",\"url\":\"https:\\\/\\\/www.dentist-luxembourg.lu\\\/\",\"name\":\"Cabinet Dentaire Dr. Gawellek\",\"description\":\"Praxis f\u00fcr Implantologie und Endodontie Dr. Gawellek\",\"publisher\":{\"@id\":\"https:\\\/\\\/www.dentist-luxembourg.lu\\\/#organization\"},\"potentialAction\":[{\"@type\":\"SearchAction\",\"target\":{\"@type\":\"EntryPoint\",\"urlTemplate\":\"https:\\\/\\\/www.dentist-luxembourg.lu\\\/?s={search_term_string}\"},\"query-input\":{\"@type\":\"PropertyValueSpecification\",\"valueRequired\":true,\"valueName\":\"search_term_string\"}}],\"inLanguage\":\"en-GB\"},{\"@type\":\"Organization\",\"@id\":\"https:\\\/\\\/www.dentist-luxembourg.lu\\\/#organization\",\"name\":\"Cabinet Dentaire Dr. Gawellek\",\"url\":\"https:\\\/\\\/www.dentist-luxembourg.lu\\\/\",\"logo\":{\"@type\":\"ImageObject\",\"inLanguage\":\"en-GB\",\"@id\":\"https:\\\/\\\/www.dentist-luxembourg.lu\\\/#\\\/schema\\\/logo\\\/image\\\/\",\"url\":\"https:\\\/\\\/www.dentist-luxembourg.lu\\\/wp-content\\\/uploads\\\/2022\\\/11\\\/Zahnarzt_Gawellek_Logo_gruen.svg\",\"contentUrl\":\"https:\\\/\\\/www.dentist-luxembourg.lu\\\/wp-content\\\/uploads\\\/2022\\\/11\\\/Zahnarzt_Gawellek_Logo_gruen.svg\",\"width\":303,\"height\":91,\"caption\":\"Cabinet Dentaire Dr. Gawellek\"},\"image\":{\"@id\":\"https:\\\/\\\/www.dentist-luxembourg.lu\\\/#\\\/schema\\\/logo\\\/image\\\/\"}}]}<\/script>\n<!-- \/ Yoast SEO plugin. -->","yoast_head_json":{"title":"Impressum - Cabinet Dentaire Dr. Gawellek in Luxembourg","robots":{"index":"index","follow":"follow","max-snippet":"max-snippet:-1","max-image-preview":"max-image-preview:large","max-video-preview":"max-video-preview:-1"},"canonical":"https:\/\/www.dentist-luxembourg.lu\/en\/impressum\/","schema":{"@context":"https:\/\/schema.org","@graph":[{"@type":"WebPage","@id":"https:\/\/www.dentist-luxembourg.lu\/impressum\/","url":"https:\/\/www.dentist-luxembourg.lu\/impressum\/","name":"Impressum - Cabinet Dentaire Dr. Gawellek in Luxembourg","isPartOf":{"@id":"https:\/\/www.dentist-luxembourg.lu\/#website"},"datePublished":"2022-12-01T11:20:15+00:00","dateModified":"2023-03-14T15:03:34+00:00","breadcrumb":{"@id":"https:\/\/www.dentist-luxembourg.lu\/impressum\/#breadcrumb"},"inLanguage":"en-GB","potentialAction":[{"@type":"ReadAction","target":["https:\/\/www.dentist-luxembourg.lu\/impressum\/"]}]},{"@type":"BreadcrumbList","@id":"https:\/\/www.dentist-luxembourg.lu\/impressum\/#breadcrumb","itemListElement":[{"@type":"ListItem","position":1,"name":"Startseite","item":"https:\/\/www.dentist-luxembourg.lu\/"},{"@type":"ListItem","position":2,"name":"Impressum"}]},{"@type":"WebSite","@id":"https:\/\/www.dentist-luxembourg.lu\/#website","url":"https:\/\/www.dentist-luxembourg.lu\/","name":"Cabinet Dentaire Dr. Gawellek","description":"Praxis f\u00fcr Implantologie und Endodontie Dr. Gawellek","publisher":{"@id":"https:\/\/www.dentist-luxembourg.lu\/#organization"},"potentialAction":[{"@type":"SearchAction","target":{"@type":"EntryPoint","urlTemplate":"https:\/\/www.dentist-luxembourg.lu\/?s={search_term_string}"},"query-input":{"@type":"PropertyValueSpecification","valueRequired":true,"valueName":"search_term_string"}}],"inLanguage":"en-GB"},{"@type":"Organization","@id":"https:\/\/www.dentist-luxembourg.lu\/#organization","name":"Cabinet Dentaire Dr. Gawellek","url":"https:\/\/www.dentist-luxembourg.lu\/","logo":{"@type":"ImageObject","inLanguage":"en-GB","@id":"https:\/\/www.dentist-luxembourg.lu\/#\/schema\/logo\/image\/","url":"https:\/\/www.dentist-luxembourg.lu\/wp-content\/uploads\/2022\/11\/Zahnarzt_Gawellek_Logo_gruen.svg","contentUrl":"https:\/\/www.dentist-luxembourg.lu\/wp-content\/uploads\/2022\/11\/Zahnarzt_Gawellek_Logo_gruen.svg","width":303,"height":91,"caption":"Cabinet Dentaire Dr. Gawellek"},"image":{"@id":"https:\/\/www.dentist-luxembourg.lu\/#\/schema\/logo\/image\/"}}]}},"_links":{"self":[{"href":"https:\/\/www.dentist-luxembourg.lu\/en\/wp-json\/wp\/v2\/pages\/1601","targetHints":{"allow":["GET"]}}],"collection":[{"href":"https:\/\/www.dentist-luxembourg.lu\/en\/wp-json\/wp\/v2\/pages"}],"about":[{"href":"https:\/\/www.dentist-luxembourg.lu\/en\/wp-json\/wp\/v2\/types\/page"}],"author":[{"embeddable":true,"href":"https:\/\/www.dentist-luxembourg.lu\/en\/wp-json\/wp\/v2\/users\/2"}],"replies":[{"embeddable":true,"href":"https:\/\/www.dentist-luxembourg.lu\/en\/wp-json\/wp\/v2\/comments?post=1601"}],"version-history":[{"count":9,"href":"https:\/\/www.dentist-luxembourg.lu\/en\/wp-json\/wp\/v2\/pages\/1601\/revisions"}],"predecessor-version":[{"id":2272,"href":"https:\/\/www.dentist-luxembourg.lu\/en\/wp-json\/wp\/v2\/pages\/1601\/revisions\/2272"}],"wp:attachment":[{"href":"https:\/\/www.dentist-luxembourg.lu\/en\/wp-json\/wp\/v2\/media?parent=1601"}],"curies":[{"name":"wp","href":"https:\/\/api.w.org\/{rel}","templated":true}]}}